{"id":13,"date":"2020-10-26T14:20:02","date_gmt":"2020-10-26T14:20:02","guid":{"rendered":"http:\/\/nags.ch\/?page_id=13"},"modified":"2022-08-04T13:22:53","modified_gmt":"2022-08-04T13:22:53","slug":"aktuelles","status":"publish","type":"page","link":"https:\/\/nags.ch\/index.php\/aktuelles\/","title":{"rendered":"Aktuelles"},"content":{"rendered":"\n<div class=\"wp-block-group subheader subheader-latest-news\"><div class=\"wp-block-group__inner-container is-layout-flow wp-block-group-is-layout-flow\">\n<figure class=\"wp-block-image size-full subheader-overlay\"><img loading=\"lazy\" decoding=\"async\" width=\"1804\" height=\"1238\" src=\"https:\/\/nags.ch\/wp-content\/uploads\/2020\/12\/header_3.png\" alt=\"\" class=\"wp-image-626\" srcset=\"https:\/\/nags.ch\/wp-content\/uploads\/2020\/12\/header_3.png 1804w, https:\/\/nags.ch\/wp-content\/uploads\/2020\/12\/header_3-300x206.png 300w, https:\/\/nags.ch\/wp-content\/uploads\/2020\/12\/header_3-1024x703.png 1024w, https:\/\/nags.ch\/wp-content\/uploads\/2020\/12\/header_3-768x527.png 768w, https:\/\/nags.ch\/wp-content\/uploads\/2020\/12\/header_3-1536x1054.png 1536w\" sizes=\"auto, (max-width: 1804px) 100vw, 1804px\" \/><\/figure>\n\n\n\n<figure class=\"wp-block-image size-large\"><img loading=\"lazy\" decoding=\"async\" width=\"1905\" height=\"425\" src=\"https:\/\/nags.ch\/wp-content\/uploads\/2020\/11\/background_subheader.svg\" alt=\"\" class=\"wp-image-583\"\/><\/figure>\n<\/div><\/div>\n\n\n\n<h1 class=\"has-text-align-center wp-block-heading\">Aktuelles<\/h1>\n\n\n\n<div class=\"wp-block-group latest-news-section\"><div class=\"wp-block-group__inner-container is-layout-flow wp-block-group-is-layout-flow\">\n<div class=\"wp-block-columns is-layout-flex wp-container-core-columns-is-layout-9d6595d7 wp-block-columns-is-layout-flex\">\n<div class=\"wp-block-column is-layout-flow wp-block-column-is-layout-flow\">\n<div id=\"articles\" class=\"wp-block-group link-square toggled\"><div class=\"wp-block-group__inner-container is-layout-flow wp-block-group-is-layout-flow\">\n<figure class=\"wp-block-image size-large\"><img decoding=\"async\" src=\"https:\/\/nags.ch\/wp-content\/uploads\/2020\/10\/icon_trainer.svg\" alt=\"\" class=\"wp-image-110\"\/><\/figure>\n\n\n\n<p>Informationen<\/p>\n<\/div><\/div>\n<\/div>\n\n\n\n<div class=\"wp-block-column is-layout-flow wp-block-column-is-layout-flow\">\n<div id=\"meetings\" class=\"wp-block-group link-square\"><div class=\"wp-block-group__inner-container is-layout-flow wp-block-group-is-layout-flow\">\n<figure class=\"wp-block-image size-large\"><img decoding=\"async\" src=\"https:\/\/nags.ch\/wp-content\/uploads\/2020\/11\/icon_tagungenl.svg\" alt=\"\" class=\"wp-image-397\"\/><\/figure>\n\n\n\n<p>Tagungen und<br>Versammlungen<\/p>\n<\/div><\/div>\n<\/div>\n<\/div>\n<\/div><\/div>\n\n\n<div class=\"articles-container\"><div class=\"articles-card\"><div class=\"articles-image-wrapper\"><img loading=\"lazy\" decoding=\"async\" width=\"522\" height=\"353\" src=\"https:\/\/nags.ch\/wp-content\/uploads\/2020\/11\/placeholder_article.svg\" class=\"attachment-medium size-medium\" alt=\"\" \/><\/div><span class=\"articles-date\">14.04.2026<\/span><h3>Einzahlungen \/ Jahresbeitr\u00e4ge 2026 Verein NAGS Schweiz<\/h3><hr class=\"orange-line\"><div class=\"articles-text\"><!-- wp:paragraph -->\n<p>Mit diesem <a href=\"https:\/\/nags.ch\/wp-content\/uploads\/2026\/04\/Rechnungsvorlage2026.pdf\">Link<\/a> gelangen Sie zur Rechnung.<\/p>\n<!-- \/wp:paragraph -->\n\n<!-- wp:paragraph -->\n<p><\/p>\n<!-- \/wp:paragraph --><\/div><\/div><div class=\"articles-card\"><div class=\"articles-image-wrapper\"><img loading=\"lazy\" decoding=\"async\" width=\"300\" height=\"269\" src=\"https:\/\/nags.ch\/wp-content\/uploads\/2021\/05\/Letzte-Startseite-300x269.png\" class=\"attachment-medium size-medium wp-post-image\" alt=\"\" srcset=\"https:\/\/nags.ch\/wp-content\/uploads\/2021\/05\/Letzte-Startseite-300x269.png 300w, https:\/\/nags.ch\/wp-content\/uploads\/2021\/05\/Letzte-Startseite-1024x917.png 1024w, https:\/\/nags.ch\/wp-content\/uploads\/2021\/05\/Letzte-Startseite-768x688.png 768w, https:\/\/nags.ch\/wp-content\/uploads\/2021\/05\/Letzte-Startseite-1536x1376.png 1536w, https:\/\/nags.ch\/wp-content\/uploads\/2021\/05\/Letzte-Startseite-1320x1182.png 1320w, https:\/\/nags.ch\/wp-content\/uploads\/2021\/05\/Letzte-Startseite.png 1708w\" sizes=\"auto, (max-width: 300px) 100vw, 300px\" \/><\/div><span class=\"articles-date\">31.05.2021<\/span><h3>Die alte NAGS Website verabschiedet sich Heute mit \u00fcber einer 1\/2 Millionen Zugriffen.<\/h3><hr class=\"orange-line\"><div class=\"articles-text\">Mit dem heutigen Tag am 31.05.2021 verabschiedet sich diese Version der NAGS Website und eine neue Version wird daf\u00fcr unter der gleichen Domain aufgeschaltet. Seit dem 21.02.2011 sind Insgesamt 508&#8217;325 Zugriffe auf dieser Website get\u00e4tigt worden. Davon unter anderem 44&#8217;015&hellip;&#8230;<a href=\"https:\/\/nags.ch\/index.php\/aktuelles-beitraege\/die-alte-nags-website-verabschiedet-sich-heute-am-31-05-2021\/\" class=\"read-more-tag\">mehr<\/a><\/div><\/div><div class=\"articles-card\"><div class=\"articles-image-wrapper\"><img loading=\"lazy\" decoding=\"async\" width=\"300\" height=\"241\" src=\"https:\/\/nags.ch\/wp-content\/uploads\/2022\/10\/Bild-EVA-300x241.jpg\" class=\"attachment-medium size-medium wp-post-image\" alt=\"\" srcset=\"https:\/\/nags.ch\/wp-content\/uploads\/2022\/10\/Bild-EVA-300x241.jpg 300w, https:\/\/nags.ch\/wp-content\/uploads\/2022\/10\/Bild-EVA.jpg 688w\" sizes=\"auto, (max-width: 300px) 100vw, 300px\" \/><\/div><span class=\"articles-date\">13.12.2020<\/span><h3>Neue EvA-Erfassung von Aggressionsereignissen<\/h3><hr class=\"orange-line\"><div class=\"articles-text\">Hier geht es zum EvA ErfassungsbogenDownload des EvA BegleitschreibenDownload franz\u00f6sische \u00dcbersetzung EvA Erfassungsbogen&#8230;<a href=\"https:\/\/nags.ch\/index.php\/aktuelles-beitraege\/neue-eva-erfassung-von-aggressionsereignissen-2\/\" class=\"read-more-tag\">mehr<\/a><\/div><\/div><div class=\"articles-card\"><div class=\"articles-image-wrapper\"><img loading=\"lazy\" decoding=\"async\" width=\"300\" height=\"226\" src=\"https:\/\/nags.ch\/wp-content\/uploads\/2021\/05\/Bildschirmfoto-2021-05-06-um-10.13.11-300x226.png\" class=\"attachment-medium size-medium wp-post-image\" alt=\"\" srcset=\"https:\/\/nags.ch\/wp-content\/uploads\/2021\/05\/Bildschirmfoto-2021-05-06-um-10.13.11-300x226.png 300w, https:\/\/nags.ch\/wp-content\/uploads\/2021\/05\/Bildschirmfoto-2021-05-06-um-10.13.11-1024x771.png 1024w, https:\/\/nags.ch\/wp-content\/uploads\/2021\/05\/Bildschirmfoto-2021-05-06-um-10.13.11-768x579.png 768w, https:\/\/nags.ch\/wp-content\/uploads\/2021\/05\/Bildschirmfoto-2021-05-06-um-10.13.11-1536x1157.png 1536w, https:\/\/nags.ch\/wp-content\/uploads\/2021\/05\/Bildschirmfoto-2021-05-06-um-10.13.11-1320x995.png 1320w, https:\/\/nags.ch\/wp-content\/uploads\/2021\/05\/Bildschirmfoto-2021-05-06-um-10.13.11.png 1906w\" sizes=\"auto, (max-width: 300px) 100vw, 300px\" \/><\/div><span class=\"articles-date\">30.11.2020<\/span><h3>Gr\u00fcndung Verein NAGS Schweiz<\/h3><hr class=\"orange-line\"><div class=\"articles-text\">Nach 5 1\/2 Jahren &#8222;loser&#8220; Netwerkverbindung von anf\u00e4nglich 16 Trainerinnen und Trainern Aggressionsmanagement, ist am 14.11.2008 mit 36 stimmberechtigten Trainerinnen und Trainern, der &#8211; Verein NAGS Schweiz- gegr\u00fcndet worden. Statuten Gr\u00fcndungsprotokoll und Pressemitteilung stehen hiermit zu Verf\u00fcgung. Z.Zt.&nbsp; gibt es&nbsp;166&hellip;&#8230;<a href=\"https:\/\/nags.ch\/index.php\/aktuelles-beitraege\/gruendung-verein-nags-schweiz\/\" class=\"read-more-tag\">mehr<\/a><\/div><\/div><div class=\"articles-card\"><div class=\"articles-image-wrapper\"><img loading=\"lazy\" decoding=\"async\" width=\"246\" height=\"256\" src=\"https:\/\/nags.ch\/wp-content\/uploads\/2020\/11\/ico_nags_schweiz.svg\" class=\"attachment-medium size-medium wp-post-image\" alt=\"\" \/><\/div><span class=\"articles-date\">12.11.2020<\/span><h3>Statuten \/ Verordnung \u00fcber Logo und Schriftzug \/ Ausf\u00fchrungsbestimmungen Passivmitgliedschaft<\/h3><hr class=\"orange-line\"><div class=\"articles-text\">\u2022 Ausf\u00fchrbestimmungen Passivmitgliedschaft (Link)\u2022 Verordnung \u00fcber Logo und Schriftzug (Link)\u2022 Statuten mit \u00c4nderungen der GV 2020 (Link)&#8230;<a href=\"https:\/\/nags.ch\/index.php\/aktuelles-beitraege\/420\/\" class=\"read-more-tag\">mehr<\/a><\/div><\/div><\/div>\n\n<div class=\"meetings-container-wrapper\"><div class=\"meetings-container\"><div class=\"meetings-card\"><div class=\"meetings-image-wrapper\"><img loading=\"lazy\" decoding=\"async\" width=\"246\" height=\"256\" src=\"https:\/\/nags.ch\/wp-content\/uploads\/2020\/11\/ico_nags_schweiz.svg\" class=\"attachment-medium size-medium wp-post-image\" alt=\"\" \/><\/div><span class=\"meetings-date\">19.10.2022<\/span><h3>Termine Verein NAGS Schweiz 2025<\/h3><hr class=\"orange-line\"><div class=\"meetings-text\">MV Freitag 23.05.2025 (ZAG Winterthur) MV Freitag 21.11.2025 (ZAG Winterthur) GV Freitag 27.02.2026 (Clienia Schl\u00f6ssli)&#8230;<a href=\"https:\/\/nags.ch\/index.php\/versammlung\/termine-verein-nags-schweiz-2022-2023\/\" class=\"read-more-tag\">mehr<\/a><\/div><\/div><\/div><\/div>","protected":false},"excerpt":{"rendered":"<p>Aktuelles Informationen Tagungen undVersammlungen<\/p>\n","protected":false},"author":1,"featured_media":0,"parent":0,"menu_order":0,"comment_status":"closed","ping_status":"closed","template":"","meta":{"_acf_changed":false,"footnotes":""},"class_list":["post-13","page","type-page","status-publish","hentry"],"acf":[],"_links":{"self":[{"href":"https:\/\/nags.ch\/index.php\/wp-json\/wp\/v2\/pages\/13","targetHints":{"allow":["GET"]}}],"collection":[{"href":"https:\/\/nags.ch\/index.php\/wp-json\/wp\/v2\/pages"}],"about":[{"href":"https:\/\/nags.ch\/index.php\/wp-json\/wp\/v2\/types\/page"}],"author":[{"embeddable":true,"href":"https:\/\/nags.ch\/index.php\/wp-json\/wp\/v2\/users\/1"}],"replies":[{"embeddable":true,"href":"https:\/\/nags.ch\/index.php\/wp-json\/wp\/v2\/comments?post=13"}],"version-history":[{"count":29,"href":"https:\/\/nags.ch\/index.php\/wp-json\/wp\/v2\/pages\/13\/revisions"}],"predecessor-version":[{"id":1911,"href":"https:\/\/nags.ch\/index.php\/wp-json\/wp\/v2\/pages\/13\/revisions\/1911"}],"wp:attachment":[{"href":"https:\/\/nags.ch\/index.php\/wp-json\/wp\/v2\/media?parent=13"}],"curies":[{"name":"wp","href":"https:\/\/api.w.org\/{rel}","templated":true}]}}