{"id":15,"date":"2020-10-26T14:20:10","date_gmt":"2020-10-26T14:20:10","guid":{"rendered":"http:\/\/nags.ch\/?page_id=15"},"modified":"2020-12-17T13:36:11","modified_gmt":"2020-12-17T13:36:11","slug":"kurse","status":"publish","type":"page","link":"https:\/\/nags.ch\/index.php\/kurse\/","title":{"rendered":"Kurse"},"content":{"rendered":"\n<div class=\"wp-block-group subheader subheader-courses\"><div class=\"wp-block-group__inner-container is-layout-flow wp-block-group-is-layout-flow\">\n<figure class=\"wp-block-image size-full subheader-overlay\"><img loading=\"lazy\" decoding=\"async\" width=\"2346\" height=\"945\" src=\"https:\/\/nags.ch\/wp-content\/uploads\/2020\/12\/header_4-1.png\" alt=\"\" class=\"wp-image-670\" srcset=\"https:\/\/nags.ch\/wp-content\/uploads\/2020\/12\/header_4-1.png 2346w, https:\/\/nags.ch\/wp-content\/uploads\/2020\/12\/header_4-1-300x121.png 300w, https:\/\/nags.ch\/wp-content\/uploads\/2020\/12\/header_4-1-1024x412.png 1024w, https:\/\/nags.ch\/wp-content\/uploads\/2020\/12\/header_4-1-768x309.png 768w, https:\/\/nags.ch\/wp-content\/uploads\/2020\/12\/header_4-1-1536x619.png 1536w, https:\/\/nags.ch\/wp-content\/uploads\/2020\/12\/header_4-1-2048x825.png 2048w\" sizes=\"auto, (max-width: 2346px) 100vw, 2346px\" \/><\/figure>\n\n\n\n<figure class=\"wp-block-image size-large\"><img loading=\"lazy\" decoding=\"async\" width=\"1905\" height=\"425\" src=\"https:\/\/nags.ch\/wp-content\/uploads\/2020\/11\/background_subheader.svg\" alt=\"\" class=\"wp-image-583\"\/><\/figure>\n<\/div><\/div>\n\n\n\n<div class=\"wp-block-group page-section\"><div class=\"wp-block-group__inner-container is-layout-flow wp-block-group-is-layout-flow\">\n<h1 class=\"has-text-align-center wp-block-heading\">Kurse<\/h1>\n\n\n\n<p class=\"has-text-align-center\">*(kurse_text)*<\/p>\n<\/div><\/div>\n\n\n<div class=\"courses-container\"><div class=\"courses-row\" id=\"basiskurs-aggressionsmanagement\"><div class=\"courses-row-inner-container\"><div class=\"courses-image-wrapper\"><div class=\"courses-image-background\"><img loading=\"lazy\" decoding=\"async\" width=\"136\" height=\"163\" src=\"https:\/\/nags.ch\/wp-content\/uploads\/2020\/10\/icon_basiskurs.svg\" class=\"attachment-medium size-medium wp-post-image\" alt=\"\" \/><\/div><\/div><div class=\"courses-content\"><h2>Basiskurs Aggressionsmanagement<\/h2><!-- wp:paragraph -->\n<p>f\u00fcr station\u00e4re Bereiche der Psychiatrie (inkl. Kinder- und Jugendpsychiatrie, Gerontopsychi-<br>atrie, Forensik) und teilweise f\u00fcr sozialp\u00e4dagogischen Institutionen.<br>5 Tage \u00e0 8 Lektionen \/ geleitet durch zwei Trainer(innen) Aggressionsmanagement NAGS<\/p>\n<!-- \/wp:paragraph -->\n\n<!-- wp:paragraph -->\n<p><a href=\"https:\/\/nags.ch\/wp-content\/uploads\/2023\/06\/Basiskurs-Aggressionsmanagement-NAGS-05-23.pdf\" data-type=\"URL\" data-id=\"https:\/\/nags.ch\/wp-content\/uploads\/2023\/06\/Basiskurs-Aggressionsmanagement-NAGS-05-23.pdf\" target=\"_blank\" rel=\"noreferrer noopener\">Link<\/a> Kursbeschreibung Basiskurs<\/p>\n<!-- \/wp:paragraph --><\/div><\/div><\/div><div class=\"courses-row\" id=\"grundkurs-aggressionsmanagement\"><div class=\"courses-row-inner-container\"><div class=\"courses-image-wrapper\"><div class=\"courses-image-background\"><img loading=\"lazy\" decoding=\"async\" width=\"142\" height=\"143\" src=\"https:\/\/nags.ch\/wp-content\/uploads\/2020\/10\/icon_grundkurs.svg\" class=\"attachment-medium size-medium wp-post-image\" alt=\"\" \/><\/div><\/div><div class=\"courses-content\"><h2>Grundkurs Aggressionsmanagement<\/h2><!-- wp:paragraph -->\n<p>f\u00fcr P\ufb02ege- und Betreuungsinstitutionen des Langzeit- und Altersbereich, somatische Spit\u00e4ler, insbesondere Notfallstationen; Spitex, Sozialp\u00e4dagogischer Bereich.<br>3 Tage \u00e0 8 Lektionen \/ geleitet durch zwei Trainer(innen) Aggressionsmanagement NAGS<\/p>\n<!-- \/wp:paragraph -->\n\n<!-- wp:paragraph -->\n<p><a href=\"https:\/\/nags.ch\/wp-content\/uploads\/2023\/06\/Grundkurs-Aggressionsmanagement-NAGS-05-23.pdf\" data-type=\"URL\" data-id=\"https:\/\/nags.ch\/wp-content\/uploads\/2023\/06\/Grundkurs-Aggressionsmanagement-NAGS-05-23.pdf\" target=\"_blank\" rel=\"noreferrer noopener\">Link<\/a> Kursbeschreibung Grundkurs<\/p>\n<!-- \/wp:paragraph --><\/div><\/div><\/div><div class=\"courses-row\" id=\"grundkurs-entwicklungsbeeintr%c3%a4chtigungen-aggressionsmanagement\"><div class=\"courses-row-inner-container\"><div class=\"courses-image-wrapper\"><div class=\"courses-image-background\"><img loading=\"lazy\" decoding=\"async\" width=\"142\" height=\"143\" src=\"https:\/\/nags.ch\/wp-content\/uploads\/2020\/10\/icon_grundkurs.svg\" class=\"attachment-medium size-medium wp-post-image\" alt=\"\" \/><\/div><\/div><div class=\"courses-content\"><h2>Grundkurs Entwicklungsbeeintr\u00e4chtigungen Aggressionsmanagement<\/h2><!-- wp:paragraph -->\n<p><\/p>\n<!-- \/wp:paragraph -->\n\n<!-- wp:paragraph -->\n<p>F\u00fcr Pflege- und Betreuungsinstitutionen im Bereich der Begleitung von Menschen mit kognitiven und psychischen Entwicklungsbeeintr\u00e4chtigungen.<br>3 Tage \u00e0 8 Lektionen \/ geleitet durch zwei Trainer(innen) Aggressionsmanagement NAGS<\/p>\n<!-- \/wp:paragraph -->\n\n<!-- wp:paragraph -->\n<p><a href=\"https:\/\/nags.ch\/wp-content\/uploads\/2023\/06\/Grundkurs-Entwicklungsbeeintraechtigungen-NA-GS-05-23.pdf\" data-type=\"URL\" data-id=\"https:\/\/nags.ch\/wp-content\/uploads\/2023\/06\/Grundkurs-Entwicklungsbeeintraechtigungen-NA-GS-05-23.pdf\" target=\"_blank\" rel=\"noreferrer noopener\">Link<\/a> Kursbeschreibung Grundkurs Entwicklungsbeeintr\u00e4chtigungen<\/p>\n<!-- \/wp:paragraph --><\/div><\/div><\/div><div class=\"courses-row\" id=\"beratung\"><div class=\"courses-row-inner-container\"><div class=\"courses-image-wrapper\"><div class=\"courses-image-background\"><img loading=\"lazy\" decoding=\"async\" width=\"184\" height=\"154\" src=\"https:\/\/nags.ch\/wp-content\/uploads\/2020\/10\/icon_beratung.svg\" class=\"attachment-medium size-medium wp-post-image\" alt=\"\" \/><\/div><\/div><div class=\"courses-content\"><h2>Beratung<\/h2><!-- wp:paragraph -->\n<p>Um Schulungen im Aggressionsmanagement auf die spezielle Situation einer Institution anpassen zu k\u00f6nnen, emp\ufb01ehlt sich eine Beratung, damit die spezi\ufb01sche Ausrichtung der Schulungen optimal in Betracht gezogen werden kann. Dabei sollten die Rahmenbedingungen der Institution, die Bed\u00fcrfnisse ihre Mitarbeitenden und der zu betreuenden Personen abgekl\u00e4rt werden.<\/p>\n<!-- \/wp:paragraph -->\n\n<!-- wp:paragraph -->\n<p>Bitte wenden Sie sich bei Interesse f\u00fcr eine Beratung an eine Trainerin\/einen Trainer unter<br>Kontakte \/ Trainer<\/p>\n<!-- \/wp:paragraph --><\/div><\/div><\/div><div class=\"courses-row\" id=\"refresher\"><div class=\"courses-row-inner-container\"><div class=\"courses-image-wrapper\"><div class=\"courses-image-background\"><img loading=\"lazy\" decoding=\"async\" width=\"154\" height=\"141\" src=\"https:\/\/nags.ch\/wp-content\/uploads\/2020\/10\/icon_refresher.svg\" class=\"attachment-medium size-medium wp-post-image\" alt=\"\" \/><\/div><\/div><div class=\"courses-content\"><h2>Refresher<\/h2><!-- wp:paragraph -->\n<p>Die in den Kursen vermittelten Inhalte und Techniken sollten m\u00f6glichst nachhaltig in die Praxis umgesetzt werden. Dazu empfehlen wir regelm\u00e4ssige Refresher (Wiederholungskurse) mit folgenden Inhalten:<\/p>\n<!-- \/wp:paragraph -->\n\n<!-- wp:list -->\n<ul><li>Training und Vertiefung der in den Kursen gelernten Techniken<\/li><li>Aufnehmen und Bearbeiten von aktuellen Frage- und Problemstellungen aus der Praxis<\/li><li>Weiterentwicklung der praxisbezogenen F\u00e4higkeiten im Bereich des Fachwissens, der Haltung und der Fertigkeiten (vgl. Inhalte Kurse)<\/li><li>Vertiefung der Deeskalationsstrategien und der kommunikativen F\u00e4higkeiten<\/li><li>Training von spezi\ufb01schen Varianten und Weiterentwicklungen im Aggressionsmanagement<\/li><\/ul>\n<!-- \/wp:list --><\/div><\/div><\/div><\/div>","protected":false},"excerpt":{"rendered":"<p>Kurse *(kurse_text)*<\/p>\n","protected":false},"author":1,"featured_media":0,"parent":0,"menu_order":0,"comment_status":"closed","ping_status":"closed","template":"","meta":{"_acf_changed":false,"footnotes":""},"class_list":["post-15","page","type-page","status-publish","hentry"],"acf":[],"_links":{"self":[{"href":"https:\/\/nags.ch\/index.php\/wp-json\/wp\/v2\/pages\/15","targetHints":{"allow":["GET"]}}],"collection":[{"href":"https:\/\/nags.ch\/index.php\/wp-json\/wp\/v2\/pages"}],"about":[{"href":"https:\/\/nags.ch\/index.php\/wp-json\/wp\/v2\/types\/page"}],"author":[{"embeddable":true,"href":"https:\/\/nags.ch\/index.php\/wp-json\/wp\/v2\/users\/1"}],"replies":[{"embeddable":true,"href":"https:\/\/nags.ch\/index.php\/wp-json\/wp\/v2\/comments?post=15"}],"version-history":[{"count":18,"href":"https:\/\/nags.ch\/index.php\/wp-json\/wp\/v2\/pages\/15\/revisions"}],"predecessor-version":[{"id":673,"href":"https:\/\/nags.ch\/index.php\/wp-json\/wp\/v2\/pages\/15\/revisions\/673"}],"wp:attachment":[{"href":"https:\/\/nags.ch\/index.php\/wp-json\/wp\/v2\/media?parent=15"}],"curies":[{"name":"wp","href":"https:\/\/api.w.org\/{rel}","templated":true}]}}