{"id":17,"date":"2020-10-26T14:20:20","date_gmt":"2020-10-26T14:20:20","guid":{"rendered":"http:\/\/nags.ch\/?page_id=17"},"modified":"2026-03-24T13:41:47","modified_gmt":"2026-03-24T13:41:47","slug":"kontakte","status":"publish","type":"page","link":"https:\/\/nags.ch\/index.php\/kontakte\/","title":{"rendered":"Kontakte"},"content":{"rendered":"\n<div class=\"wp-block-group subheader subheader-contacts\"><div class=\"wp-block-group__inner-container is-layout-flow wp-block-group-is-layout-flow\">\n<figure class=\"wp-block-image size-full subheader-overlay\"><img loading=\"lazy\" decoding=\"async\" width=\"1156\" height=\"606\" src=\"https:\/\/nags.ch\/wp-content\/uploads\/2020\/12\/header_5.png\" alt=\"\" class=\"wp-image-628\" srcset=\"https:\/\/nags.ch\/wp-content\/uploads\/2020\/12\/header_5.png 1156w, https:\/\/nags.ch\/wp-content\/uploads\/2020\/12\/header_5-300x157.png 300w, https:\/\/nags.ch\/wp-content\/uploads\/2020\/12\/header_5-1024x537.png 1024w, https:\/\/nags.ch\/wp-content\/uploads\/2020\/12\/header_5-768x403.png 768w\" sizes=\"auto, (max-width: 1156px) 100vw, 1156px\" \/><\/figure>\n\n\n\n<figure class=\"wp-block-image size-large\"><img loading=\"lazy\" decoding=\"async\" width=\"1905\" height=\"425\" src=\"https:\/\/nags.ch\/wp-content\/uploads\/2020\/11\/background_subheader.svg\" alt=\"\" class=\"wp-image-583\"\/><\/figure>\n<\/div><\/div>\n\n\n\n<h1 class=\"wp-block-heading has-text-align-center\">Kontakte<\/h1>\n\n\n\n<div class=\"wp-block-group contacts-section\"><div class=\"wp-block-group__inner-container is-layout-flow wp-block-group-is-layout-flow\">\n<div class=\"wp-block-columns is-layout-flex wp-container-core-columns-is-layout-9d6595d7 wp-block-columns-is-layout-flex\">\n<div class=\"wp-block-column is-layout-flow wp-block-column-is-layout-flow\">\n<div id=\"trainerinnen-und-trainer\" class=\"wp-block-group link-square toggled\"><div class=\"wp-block-group__inner-container is-layout-flow wp-block-group-is-layout-flow\">\n<figure class=\"wp-block-image size-large\"><img decoding=\"async\" src=\"https:\/\/nags.ch\/wp-content\/uploads\/2020\/10\/icon_trainer.svg\" alt=\"\" class=\"wp-image-110\"\/><\/figure>\n\n\n\n<p>Trainerinnen<br>und Trainer<\/p>\n<\/div><\/div>\n<\/div>\n\n\n\n<div class=\"wp-block-column is-layout-flow wp-block-column-is-layout-flow\">\n<div id=\"vorstand\" class=\"wp-block-group link-square\"><div class=\"wp-block-group__inner-container is-layout-flow wp-block-group-is-layout-flow\">\n<figure class=\"wp-block-image size-large\"><img decoding=\"async\" src=\"https:\/\/nags.ch\/wp-content\/uploads\/2020\/10\/icon_vorstand.svg\" alt=\"\" class=\"wp-image-111\"\/><\/figure>\n\n\n\n<p>Vorstand<\/p>\n<\/div><\/div>\n<\/div>\n\n\n\n\n\n<div class=\"wp-block-column is-layout-flow wp-block-column-is-layout-flow\">\n<div id=\"ehrenmitglieder\" class=\"wp-block-group link-square\"><div class=\"wp-block-group__inner-container is-layout-flow wp-block-group-is-layout-flow\">\n<figure class=\"wp-block-image size-large\"><img decoding=\"async\" src=\"https:\/\/nags.ch\/wp-content\/uploads\/2020\/10\/icon_ehrenmitglieder.svg\" alt=\"\" class=\"wp-image-113\"\/><\/figure>\n\n\n\n<p>Ehrenmitglieder<\/p>\n<\/div><\/div>\n<\/div>\n<\/div>\n<\/div><\/div>\n\n\n<div class=\"table-container\"><h1>Fachbereiche<\/h1><div class=\"checkboxes-container trainers-checkboxes\"><div class=\"checkbox-row\"><input type=\"checkbox\" id=\"menschen-mit-behinderungen\" value=\"menschen-mit-behinderungen\"><label for=\"menschen-mit-behinderungen\">Menschen mit Behinderungen<\/label><br><\/div><div class=\"checkbox-row\"><input type=\"checkbox\" id=\"erwachsenenpsychiatrie\" value=\"erwachsenenpsychiatrie\"><label for=\"erwachsenenpsychiatrie\">Erwachsenenpsychiatrie<\/label><br><\/div><div class=\"checkbox-row\"><input type=\"checkbox\" id=\"geriatrie-gerontopsychiatrie\" value=\"geriatrie-gerontopsychiatrie\"><label for=\"geriatrie-gerontopsychiatrie\">Geriatrie\/ Gerontopsychiatrie<\/label><br><\/div><div class=\"checkbox-row\"><input type=\"checkbox\" id=\"kinder--und-jugendpsychiatrie\" value=\"kinder--und-jugendpsychiatrie\"><label for=\"kinder--und-jugendpsychiatrie\">Kinder- und Jugendpsychiatrie<\/label><br><\/div><div class=\"checkbox-row\"><input type=\"checkbox\" id=\"schule-und-ausbildung\" value=\"schule-und-ausbildung\"><label for=\"schule-und-ausbildung\">Schule und Ausbildung<\/label><br><\/div><div class=\"checkbox-row\"><input type=\"checkbox\" id=\"somatik\" value=\"somatik\"><label for=\"somatik\">Somatik<\/label><br><\/div><div class=\"checkbox-row\"><input type=\"checkbox\" id=\"rettungdienst\" value=\"rettungdienst\"><label for=\"rettungdienst\">Rettungdienst<\/label><br><\/div><div class=\"checkbox-row\"><input type=\"checkbox\" id=\"forschung-und-wissenschaft\" value=\"forschung-und-wissenschaft\"><label for=\"forschung-und-wissenschaft\">Forschung und Wissenschaft<\/label><br><\/div><\/div><table id=\"trainers-table\"><thead><th>Vorname<\/th><th>Nachname<\/th><th>Postleitzahl<\/th><th>Ort<\/th><th><\/th><\/thead><tbody><\/tbody><\/table><\/div>\n\n<div class=\"management-container\"><h1>Vorstand<\/h1><div class=\"management-container__inner-container\"><\/div><\/div>\n\n<div class=\"training-committee-container\"><h1>Fortbildungskommission<\/h1><div class=\"training-committee-description has-text-align-center\">Die Fortbildungskommission ist Teil der internen Qualit\u00e4tskontrolle. <br \/>\r\nDeren Aufgaben beschr\u00e4nken sich auschliesslich auf die \u00dcberpr\u00fcfung der Fortbildungen von Aktivmitgliedern des Verein NAGS Schweiz.<br \/>\r\n<br \/>\r\nKontaktaufnahme und Einreichen der Fortbildungsprotokolle bitte per Mail an fortbildung@nags.ch.<\/div><div class=\"contact-form-box\"><div class=\"contact-form-header\"><h3><a class=\"contact-form-expander\" href=\"mailto:fortbildung@nags.ch\">Kontakt aufnehmen<\/a><\/h3><\/div><\/div><div class=\"training-committee-container__inner-container\"><\/div><\/div>\n\n<div class=\"honorary-members-container\"><h1>Ehrenmitglieder<\/h1><div class=\"honorary-members-container__inner-container\"><div class=\"member-container\"><div class=\"member-image-wrapper\"><img loading=\"lazy\" decoding=\"async\" width=\"1964\" height=\"1964\" src=\"https:\/\/nags.ch\/wp-content\/uploads\/2021\/07\/CONNECTING_ITF-4454-scaled-e1625925898567.jpg\" class=\"attachment-full size-full wp-post-image\" alt=\"\" srcset=\"https:\/\/nags.ch\/wp-content\/uploads\/2021\/07\/CONNECTING_ITF-4454-scaled-e1625925898567.jpg 1964w, https:\/\/nags.ch\/wp-content\/uploads\/2021\/07\/CONNECTING_ITF-4454-scaled-e1625925898567-300x300.jpg 300w, https:\/\/nags.ch\/wp-content\/uploads\/2021\/07\/CONNECTING_ITF-4454-scaled-e1625925898567-1024x1024.jpg 1024w, https:\/\/nags.ch\/wp-content\/uploads\/2021\/07\/CONNECTING_ITF-4454-scaled-e1625925898567-150x150.jpg 150w, https:\/\/nags.ch\/wp-content\/uploads\/2021\/07\/CONNECTING_ITF-4454-scaled-e1625925898567-768x768.jpg 768w, https:\/\/nags.ch\/wp-content\/uploads\/2021\/07\/CONNECTING_ITF-4454-scaled-e1625925898567-1536x1536.jpg 1536w, https:\/\/nags.ch\/wp-content\/uploads\/2021\/07\/CONNECTING_ITF-4454-scaled-e1625925898567-1320x1320.jpg 1320w\" sizes=\"auto, (max-width: 1964px) 100vw, 1964px\" \/><\/div><div class=\"member-text-container\"><h3 class=\"member-name member-text-line\">Drs. Nico Oud<\/h3><span class=\"member-title member-text-line\">MNSc, N.Adm, RN<\/span><span class=\"member-description member-text-line\"><p>Herausgeber und Autor verschiedener Literatur zum Thema Aggression in Gesundheits- und Sozialberufen.<br \/>\nPionier und wichtiger Initiator des professionellen Aggressionsmanagements in den Niederlanden, der Schweiz, Deutschland und \u00d6sterreich.<br \/>\nOrganisator internationaler Kongresse zum Thema Aggression und Gewalt im Gesundheitswesen.<\/p>\n<\/span><a class=\"member-link member-text-line\" href=\"https:\/\/www.oudconsultancy.nl\/\">Link<\/a><\/div><\/div><div class=\"member-container\"><div class=\"member-image-wrapper\"><img loading=\"lazy\" decoding=\"async\" width=\"236\" height=\"272\" src=\"https:\/\/nags.ch\/wp-content\/uploads\/2021\/07\/ian-needham.jpg\" class=\"attachment-full size-full wp-post-image\" alt=\"\" \/><\/div><div class=\"member-text-container\"><h3 class=\"member-name member-text-line\">Prof. Dr. Ian Needham<\/h3><span class=\"member-title member-text-line\">Master of Science in Nursing MSc\/Pflegewissenschafter MSc Master of Science in Legal and Forensic Psychology MSc\/ Rechtspsychologe MSc <\/span><span class=\"member-description member-text-line\"><p>Diplom in Psychiatriepflege, Studienabschluss als Magister in Pflegewissenschaft und Promotion an der Universit\u00e4t Maastricht. Magistergrad in Forensischer und Rechtspsychologie an der Universit\u00e4t Leicester, Grossbritannien. Gastprofessur an der Universit\u00e4t Lausanne am \u00abinstitut universitaire de formation et de recherche en soins\u00bb.<br \/>\nVortragst\u00e4tigkeit an Fachkongressen und -symposien in Europa, Nordamerika und Asien. Gutachtert\u00e4tigkeit in den Bereichen akademische Abschlussarbeiten und Forschungsvorhaben im In- und Ausland sowie Experte f\u00fcr Fragestellungen der Psychiatrischen Pflege. Umfangreiche Publikationst\u00e4tigkeit. Hauptredaktor mehrerer englischsprachiger Kongressb\u00e4nde. Mitautor und Herausgeber des \u00abLehrbuch Psychiatrische Pflege\u00bb.<br \/>\nDurch die grosse Schweizer Multizentrische Studie von Ian Needham &#038; Chris Abderhalden et al (2003) wurde der Grundstein f\u00fcr die Entstehung und Entwicklung NAGS Schweiz gelegt.<\/p>\n<\/span><\/div><\/div><div class=\"member-container\"><div class=\"member-image-wrapper\"><img loading=\"lazy\" decoding=\"async\" width=\"320\" height=\"356\" src=\"https:\/\/nags.ch\/wp-content\/uploads\/2021\/07\/chris-abderhalden_1.jpg\" class=\"attachment-full size-full wp-post-image\" alt=\"\" srcset=\"https:\/\/nags.ch\/wp-content\/uploads\/2021\/07\/chris-abderhalden_1.jpg 320w, https:\/\/nags.ch\/wp-content\/uploads\/2021\/07\/chris-abderhalden_1-270x300.jpg 270w\" sizes=\"auto, (max-width: 320px) 100vw, 320px\" \/><\/div><div class=\"member-text-container\"><h3 class=\"member-name member-text-line\">Dr. Chris Abderhalden<\/h3><span class=\"member-title member-text-line\">Psychiatriepfleger, Lehrer fu\u0308r Krankenpflege, Pflegeexperte (Ho\u0308Fa II), Pflegewissenschaftler, MNSc<\/span><span class=\"member-description member-text-line\"><p>Zuletzt Direktor Pflege und Pa\u0308dagogik, Leiter der Abteilung Pflege und Pa\u0308dagogik sowie Erwachsenenpsychiatrie in den Universita\u0308ren Psychiatrischen Diensten (UPD) in Bern.<br \/>\nEr war mit seiner vision\u00e4ren Sicht als Pflegeexperte und Pflegewissenschafter ein wichtiger Wegbereiter der heutigen Hochschulbildung von Pflegefachpersonen. Ebenso engagierte er sich unerm\u00fcdlich in Forschung und Praxis f\u00fcr die Anliegen der psychiatrisch erkrankten Menschen.<br \/>\nChristoph Abderhalden initiierte oder begleitete sehr viele Projekte. Er wirkte in etlichen Organisationen und Verba\u0308nden in der Schweiz mit; la\u0308nderu\u0308bergreifend geho\u0308rte er zum Komitee des Dreila\u0308nderkongresses Psychiatrische Pflege und zum Herausgeberteam der Onlinezeitschrift zppg.eu. Er beteiligte sich aktiv an der Vernetzung der europa\u0308ischen Psychiatrischen Pflege und war ein gescha\u0308tztes Mitglied der European Violence in Psychiatry Research Group. Er hat viel publiziert, u.a. ist er Mitherausgeber des \u201eLehrbuchs Psychiatrische Pflege\u201c (Verlag Hans Huber, 2011) ), der \u201ePflegediagnosen und Ma\u00dfnahmen\u201c (von Doenges et al., Verlag Hans Huber 2013) und der \u201ePflegediagnosen fu\u0308r die psychiatrische Pflege\u201c (von Mary Townsend, Verlag Hans Huber, 2012). Durch Vero\u0308ffentlichungen von Forschungsarbeiten in international renommierten Journalen, durch seine Gutachterta\u0308tigkeit fu\u0308r Fachzeitschriften -etwa die \u201ePflege\u201c (Verlag Hans Huber) \u2013 und seine Vernetzung mit Experten weit u\u0308ber den deutschsprachigen Bereich hinaus, hat er einen wichtigen Beitrag zur Professionalisierung Psychiatrischer Pflege geleistet.<br \/>\nDurch die grosse Schweizer Multizentrische Studie von Ian Needham &#038; Chris Abderhalden et al (2003) wurde der Grundstein f\u00fcr die Entstehung und Entwicklung NAGS Schweiz gelegt.<br \/>\nChristoph Abderhalden starb \u2013 59-ja\u0308hrig \u2013 am 10.03.2013 an den Folgen seiner Krebserkrankung. <\/p>\n<\/span><\/div><\/div><\/div><\/div>\n\n\n<p><\/p>\n","protected":false},"excerpt":{"rendered":"<p>Kontakte Trainerinnenund Trainer Vorstand Fortbildungs-kommission Ehrenmitglieder<\/p>\n","protected":false},"author":1,"featured_media":0,"parent":0,"menu_order":0,"comment_status":"closed","ping_status":"closed","template":"","meta":{"_acf_changed":false,"footnotes":""},"class_list":["post-17","page","type-page","status-publish","hentry"],"acf":[],"_links":{"self":[{"href":"https:\/\/nags.ch\/index.php\/wp-json\/wp\/v2\/pages\/17","targetHints":{"allow":["GET"]}}],"collection":[{"href":"https:\/\/nags.ch\/index.php\/wp-json\/wp\/v2\/pages"}],"about":[{"href":"https:\/\/nags.ch\/index.php\/wp-json\/wp\/v2\/types\/page"}],"author":[{"embeddable":true,"href":"https:\/\/nags.ch\/index.php\/wp-json\/wp\/v2\/users\/1"}],"replies":[{"embeddable":true,"href":"https:\/\/nags.ch\/index.php\/wp-json\/wp\/v2\/comments?post=17"}],"version-history":[{"count":24,"href":"https:\/\/nags.ch\/index.php\/wp-json\/wp\/v2\/pages\/17\/revisions"}],"predecessor-version":[{"id":2454,"href":"https:\/\/nags.ch\/index.php\/wp-json\/wp\/v2\/pages\/17\/revisions\/2454"}],"wp:attachment":[{"href":"https:\/\/nags.ch\/index.php\/wp-json\/wp\/v2\/media?parent=17"}],"curies":[{"name":"wp","href":"https:\/\/api.w.org\/{rel}","templated":true}]}}